{"id":2125,"date":"2024-04-17T08:56:22","date_gmt":"2024-04-17T08:56:22","guid":{"rendered":"https:\/\/www.skytrail.com\/?page_id=2125"},"modified":"2024-07-23T16:04:35","modified_gmt":"2024-07-23T16:04:35","slug":"privacy-e-cookie","status":"publish","type":"page","link":"https:\/\/www.skytrail.com\/it\/privacy-e-cookie\/","title":{"rendered":"Privacy Policy"},"content":{"rendered":"<p>[et_pb_section fb_built=&#8221;1&#8243; module_class=&#8221;standard-text&#8221; _builder_version=&#8221;4.24.3&#8243; _module_preset=&#8221;default&#8221; global_colors_info=&#8221;{}&#8221;][et_pb_row _builder_version=&#8221;4.24.3&#8243; _module_preset=&#8221;default&#8221; global_colors_info=&#8221;{}&#8221;][et_pb_column type=&#8221;4_4&#8243; _builder_version=&#8221;4.24.3&#8243; _module_preset=&#8221;default&#8221; global_colors_info=&#8221;{}&#8221;][et_pb_text _builder_version=&#8221;4.25.1&#8243; _module_preset=&#8221;default&#8221; hover_enabled=&#8221;0&#8243; global_colors_info=&#8221;{}&#8221; sticky_enabled=&#8221;0&#8243;]<\/p>\n<h1>Privacy e Cookie <\/h1>\n<p><strong>Ci impegniamo a tutelare la privacy dei nostri visitatori <\/strong><\/p>\n<h2>A che cosa serve questa informativa sulla privacy <\/h2>\n<p>La presente informativa sulla privacy riguarda questo sito web e regola la privacy degli utenti che decidono di utilizzarlo. <\/p>\n<p>L&#8217;informativa definisce le diverse aree in cui la privacy degli utenti \u00e8 interessata e delinea gli obblighi e i requisiti degli utenti, del sito web e dei proprietari del sito web. Inoltre, le modalit\u00e0 di elaborazione, archiviazione e protezione dei dati e delle informazioni degli utenti da parte di questo sito web sono descritte in dettaglio all&#8217;interno di questa informativa. <\/p>\n<h3>Il sito web<\/h3>\n<p>Questo sito web e i suoi proprietari adottano un approccio proattivo alla privacy degli utenti e garantiscono che vengano prese le misure necessarie per proteggere la privacy degli utenti durante la loro esperienza di visita. Questo sito web \u00e8 conforme a tutte le leggi e ai requisiti nazionali del Regno Unito in materia di privacy degli utenti. <\/p>\n<h3>Uso dei cookie<\/h3>\n<p>Questo sito web utilizza i cookie per migliorare l&#8217;esperienza degli utenti durante la visita al sito. Ove applicabile, questo sito web utilizza un sistema di controllo dei cookie che permette all&#8217;utente, alla sua prima visita al sito web, di consentire o meno l&#8217;uso dei cookie sul proprio computer\/dispositivo. Ci\u00f2 \u00e8 conforme ai recenti requisiti legislativi che impongono ai siti web di ottenere il consenso esplicito degli utenti prima di lasciare o leggere file come i cookie sul computer\/dispositivo dell&#8217;utente.<\/p>\n<p>I cookie sono piccoli file salvati sul disco rigido del computer dell&#8217;utente che tracciano, salvano e memorizzano informazioni sulle interazioni e sull&#8217;utilizzo del sito web da parte dell&#8217;utente. Ci\u00f2 consente al sito web, attraverso il suo server, di fornire agli utenti un&#8217;esperienza personalizzata all&#8217;interno del sito. <\/p>\n<p>Gli utenti sono informati che se desiderano negare l&#8217;uso e il salvataggio dei cookie di questo sito web sul disco rigido del proprio computer, devono adottare le misure necessarie nelle impostazioni di sicurezza del proprio browser web per bloccare tutti i cookie di questo sito web e dei suoi fornitori esterni. <\/p>\n<p>Questo sito web utilizza un software di tracciamento per monitorare i suoi visitatori e capire meglio come lo utilizzano. Questo software \u00e8 fornito da Google Analytics, che utilizza i cookie per tracciare l&#8217;utilizzo dei visitatori. Il software salver\u00e0 un cookie sul disco rigido del computer per tracciare e monitorare l&#8217;impegno e l&#8217;utilizzo del sito web, ma non memorizzer\u00e0, salver\u00e0 o raccoglier\u00e0 informazioni personali. Per ulteriori informazioni, \u00e8 possibile leggere l&#8217;informativa sulla privacy di Google qui [http:\/\/www.google.com\/privacy.html]. <\/p>\n<p>Altri cookie possono essere memorizzati sul disco rigido del computer da fornitori esterni quando questo sito web utilizza programmi di riferimento, link sponsorizzati o pubblicit\u00e0. Tali cookie sono utilizzati per il monitoraggio delle conversioni e dei referral e in genere scadono dopo 30 giorni, anche se alcuni possono richiedere pi\u00f9 tempo. Non vengono memorizzate, salvate o raccolte informazioni personali. <\/p>\n<h3>Uso del sito web <\/h3>\n<p>Utilizziamo Hotjar per comprendere meglio le esigenze dei nostri utenti e per ottimizzare questo servizio e questa esperienza. Hotjar \u00e8 un servizio tecnologico che ci aiuta a comprendere meglio l&#8217;esperienza dei nostri utenti (ad esempio, quanto tempo trascorrono su quali pagine, quali link scelgono di cliccare, cosa piace e cosa non piace agli utenti, ecc.) e questo ci consente di costruire e mantenere i nostri servizi grazie al feedback degli utenti. Hotjar utilizza i cookie e altre tecnologie per raccogliere dati sul comportamento dei nostri utenti e sui loro dispositivi (in particolare l&#8217;indirizzo IP del dispositivo (acquisito e memorizzato solo in forma anonima), le dimensioni dello schermo del dispositivo, il tipo di dispositivo (identificatori unici del dispositivo), le informazioni sul browser, la posizione geografica (solo il Paese), la lingua preferita utilizzata per visualizzare il nostro sito web). Hotjar memorizza queste informazioni in un profilo utente pseudonimizzato. N\u00e9 Hotjar n\u00e9 noi utilizzeremo mai queste informazioni per identificare singoli utenti o per abbinarle ad altri dati su un singolo utente. Per ulteriori dettagli, consultare l&#8217;informativa sulla privacy di Hotjar cliccando su questo link. <\/p>\n<p>\u00c8 possibile rinunciare alla creazione di un profilo utente, all&#8217;archiviazione da parte di Hotjar di dati sull&#8217;utilizzo del nostro sito e all&#8217;uso di cookie di tracciamento da parte di Hotjar su altri siti web seguendo questo link di rinuncia. <\/p>\n<h3>Contatti e comunicazioni<\/h3>\n<p>Gli utenti che contattano questo sito web e\/o i suoi proprietari lo fanno a propria discrezione e forniscono i dati personali richiesti a proprio rischio. Le informazioni personali dell&#8217;utente sono mantenute private e conservate in modo sicuro fino al momento in cui non sono pi\u00f9 necessarie o non sono pi\u00f9 utili, come indicato nel Regolamento generale sulla protezione dei dati del 2018. \u00c8 stato fatto ogni sforzo per garantire un processo di invio di moduli via e-mail sicuro e protetto, ma si consiglia agli utenti che utilizzano tali processi di invio di moduli via e-mail di farlo a proprio rischio e pericolo. <\/p>\n<p>Questo sito web e i suoi proprietari utilizzano le informazioni inviate per fornire all&#8217;utente ulteriori informazioni sui prodotti\/servizi offerti o per assistere l&#8217;utente nel rispondere a qualsiasi domanda o quesito inviati. Ci\u00f2 include l&#8217;utilizzo dei dati dell&#8217;utente per iscriverlo a qualsiasi programma di newsletter via e-mail gestito dal sito web, ma solo se ci\u00f2 \u00e8 stato reso chiaro all&#8217;utente e se \u00e8 stato concesso il suo esplicito consenso al momento dell&#8217;invio di qualsiasi modulo per il processo di invio di e-mail. Oppure se il consumatore ha precedentemente acquistato o chiesto di acquistare dall&#8217;azienda un prodotto o un servizio a cui si riferisce la newsletter. Questo non \u00e8 assolutamente un elenco completo dei diritti dell&#8217;utente in merito alla ricezione di materiale di marketing via e-mail. I dati dell&#8217;utente non vengono trasmessi a terzi. <\/p>\n<h3>Newsletter via e-mail<\/h3>\n<p>Questo sito web gestisce un programma di newsletter via e-mail, utilizzato per informare gli abbonati su prodotti e servizi forniti da questo sito web. Gli utenti possono iscriversi attraverso un processo automatizzato online, se lo desiderano, ma lo fanno a loro discrezione. Alcune iscrizioni possono essere gestite manualmente previo accordo scritto con l&#8217;utente. <\/p>\n<p>Le iscrizioni vengono effettuate in conformit\u00e0 con le leggi britanniche sullo spam descritte nel Regolamento generale sulla protezione dei dati del 2018. Tutti i dati personali relativi agli abbonamenti sono conservati in modo sicuro e in conformit\u00e0 con il Regolamento generale sulla protezione dei dati 2018. I dati personali non vengono trasmessi a terzi n\u00e9 condivisi con societ\u00e0\/persone esterne alla societ\u00e0 che gestisce questo sito web. Ai sensi del Regolamento generale sulla protezione dei dati 2018, l&#8217;utente pu\u00f2 richiedere una copia delle informazioni personali in suo possesso da parte del programma di newsletter via e-mail di questo sito web. Se si desidera una copia delle informazioni in possesso dell&#8217;utente, si prega di scrivere all&#8217;indirizzo aziendale riportato in calce alla presente informativa.<\/p>\n<p>Le campagne di e-mail marketing pubblicate da questo sito web o dai suoi proprietari possono contenere funzioni di tracciamento all&#8217;interno dell&#8217;e-mail stessa. L&#8217;attivit\u00e0 degli abbonati viene tracciata e memorizzata in un database per analisi e valutazioni future. Tali attivit\u00e0 tracciate possono includere: l&#8217;apertura delle e-mail, l&#8217;inoltro delle e-mail, il clic sui link all&#8217;interno del contenuto dell&#8217;e-mail, gli orari, le date e la frequenza delle attivit\u00e0 [non si tratta di un elenco esaustivo].<\/p>\n<p>Queste informazioni vengono utilizzate per perfezionare le future campagne e-mail e fornire all&#8217;utente contenuti pi\u00f9 pertinenti in base alla sua attivit\u00e0. <\/p>\n<p>In conformit\u00e0 con le leggi britanniche sullo spam e con il Regolamento generale sulla protezione dei dati 2018, gli abbonati hanno la possibilit\u00e0 di annullare l&#8217;iscrizione in qualsiasi momento attraverso un sistema automatico. Questa procedura \u00e8 descritta nel pi\u00e8 di pagina di ogni campagna e-mail. Se non \u00e8 disponibile un sistema automatico di disiscrizione, verranno invece fornite istruzioni chiare su come disiscriversi. <\/p>\n<h3>Link esterni<\/h3>\n<p>Sebbene questo sito web cerchi di includere solo link esterni di qualit\u00e0, sicuri e pertinenti, si consiglia agli utenti di adottare una politica di cautela prima di fare clic su qualsiasi link web esterno menzionato in questo sito web. (I link esterni sono link di testo\/banner\/immagine su cui fare clic, che rimandano ad altri siti web). <\/p>\n<p>I proprietari di questo sito web non possono garantire o verificare il contenuto di qualsiasi sito web collegato esternamente, nonostante i loro sforzi. Gli utenti devono quindi tenere presente che fanno clic sui link esterni a proprio rischio e pericolo e che questo sito web e i suoi proprietari non possono essere ritenuti responsabili di eventuali danni o implicazioni causati dalla visita dei link esterni citati. <\/p>\n<h3>Piattaforme di social media <\/h3>\n<p>Le comunicazioni, l&#8217;impegno e le azioni intraprese attraverso le piattaforme esterne di social media a cui questo sito web e i suoi proprietari partecipano sono soggette ai termini e alle condizioni e alle politiche sulla privacy di ciascuna piattaforma di social media. <\/p>\n<p>Si consiglia agli utenti di utilizzare le piattaforme di social media con saggezza e di comunicare\/impegnarsi su di esse con la dovuta attenzione e cautela per quanto riguarda la propria privacy e i propri dati personali. Questo sito web e i suoi proprietari non chiederanno mai informazioni personali o sensibili attraverso le piattaforme dei social media e incoraggiano gli utenti che desiderano discutere di dettagli sensibili a contattarli attraverso i canali di comunicazione primari, come telefono o e-mail. <\/p>\n<p>Questo sito web pu\u00f2 utilizzare pulsanti di condivisione social che aiutano a condividere i contenuti web direttamente dalle pagine web alla piattaforma di social media in questione. Prima di utilizzare tali pulsanti di condivisione social, si consiglia agli utenti di farlo a propria discrezione e di tenere presente che la piattaforma di social media pu\u00f2 tracciare e salvare la richiesta di condivisione di una pagina web rispettivamente attraverso l&#8217;account della piattaforma di social media.<\/p>\n<h3>Link abbreviati nei social media <\/h3>\n<p>Questo sito web e i suoi proprietari, attraverso gli account delle piattaforme di social media, possono condividere link a pagine web pertinenti. Per impostazione predefinita, alcune piattaforme di social media accorciano gli url [indirizzi web] lunghi (questo \u00e8 un esempio: http:\/\/bit.ly\/zyVUBo). <\/p>\n<p>Gli utenti sono invitati a prestare attenzione e a giudicare bene prima di fare clic su qualsiasi url abbreviato pubblicato sulle piattaforme di social media da questo sito web e dai suoi proprietari. Nonostante i migliori sforzi per garantire che vengano pubblicati solo URL autentici, molte piattaforme di social media sono soggette a spam e hacking e pertanto questo sito web e i suoi proprietari non possono essere ritenuti responsabili di eventuali danni o implicazioni causati dalla visita di eventuali link abbreviati. <\/p>\n<h3>Risorse e ulteriori informazioni <\/h3>\n<p>Regolamento generale sulla protezione dei dati (GDPR) maggio 2018 <br \/>Regolamento sulla privacy e sulle comunicazioni elettroniche 2003 <\/p>\n<p>[\/et_pb_text][\/et_pb_column][\/et_pb_row][\/et_pb_section]<\/p>\n","protected":false},"excerpt":{"rendered":"<p>Privacy e Cookie Ci impegniamo a tutelare la privacy dei nostri visitatori A che cosa serve questa informativa sulla privacy La presente informativa sulla privacy riguarda questo sito web e regola la privacy degli utenti che decidono di utilizzarlo. L&#8217;informativa definisce le diverse aree in cui la privacy degli utenti \u00e8 interessata e delinea gli [&hellip;]<\/p>\n","protected":false},"author":1,"featured_media":0,"parent":0,"menu_order":0,"comment_status":"closed","ping_status":"closed","template":"","meta":{"_acf_changed":false,"_et_pb_use_builder":"on","_et_pb_old_content":"[et_pb_section fb_built=\"1\" module_class=\"standard-text\" _builder_version=\"4.24.3\" _module_preset=\"default\" global_colors_info=\"{}\"][et_pb_row _builder_version=\"4.24.3\" _module_preset=\"default\" global_colors_info=\"{}\"][et_pb_column type=\"4_4\" _builder_version=\"4.24.3\" _module_preset=\"default\" global_colors_info=\"{}\"][et_pb_text _builder_version=\"4.24.3\" _module_preset=\"default\" hover_enabled=\"0\" global_colors_info=\"{}\" sticky_enabled=\"0\"]<h1>Privacy & Cookies<\/h1>\r\n<p><strong>We are committed to the privacy of our visitors<\/strong><\/p>\r\n<h2>What is this privacy policy for<\/h2>\r\n<p>This privacy policy is for this website and governs the privacy of its users who choose to use it.<\/p>\r\n<p>The policy sets out the different areas where user privacy is concerned and outlines the obligations & requirements of the users, the website and website owners. Furthermore the way this website processes, stores and protects user data and information will also be detailed within this policy.<\/p>\r\n<h3>The website<\/h3>\r\n<p>This website and its owners take a proactive approach to user privacy and ensure the necessary steps are taken to protect the privacy of its users throughout their visiting experience. This website complies to all UK national laws and requirements for user privacy.<\/p>\r\n<h3>Use of cookies<\/h3>\r\n<p>This website uses cookies to better the users experience while visiting the website. Where applicable this website uses a cookie control system allowing the user on their first visit to the website to allow or disallow the use of cookies on their computer \/ device. This complies with recent legislation requirements for websites to obtain explicit consent from users before leaving behind or reading files such as cookies on a user\u2019s computer \/ device.<\/p>\r\n<p>Cookies are small files saved to the user\u2019s computers hard drive that track, save and store information about the user\u2019s interactions and usage of the website. This allows the website, through its server to provide the users with a tailored experience within this website.<br \/>Users are advised that if they wish to deny the use and saving of cookies from this website on to their computers hard drive they should take necessary steps within their web browsers security settings to block all cookies from this website and its external serving vendors.<\/p>\r\n<p>This website uses tracking software to monitor its visitors to better understand how they use it. This software is provided by Google Analytics which uses cookies to track visitor usage. The software will save a cookie to your computers hard drive in order to track and monitor your engagement and usage of the website, but will not store, save or collect personal information. You can read Google\u2019s privacy policy here for further information [http:\/\/www.google.com\/privacy.html ].<\/p>\r\n<p>Other cookies may be stored to your computers hard drive by external vendors when this website uses referral programs, sponsored links or adverts. Such cookies are used for conversion and referral tracking and typically expire after 30 days, though some may take longer. No personal information is stored, saved or collected.<\/p>\r\n<h3>Website usage<\/h3>\r\n<p>We use Hotjar in order to better understand our users\u2019 needs and to optimize this service and experience. Hotjar is a technology service that helps us better understand our users experience (e.g. how much time they spend on which pages, which links they choose to click, what users do and don\u2019t like, etc.) and this enables us to build and maintain our service with user feedback. Hotjar uses cookies and other technologies to collect data on our users\u2019 behavior and their devices (in particular device\u2019s IP address (captured and stored only in anonymized form), device screen size, device type (unique device identifiers), browser information, geographic location (country only), preferred language used to display our website). Hotjar stores this information in a pseudonymized user profile. Neither Hotjar nor we will ever use this information to identify individual users or to match it with further data on an individual user. For further details, please see Hotjar\u2019s privacy policy by clicking on this link.<\/p>\r\n<p>You can opt-out to the creation of a user profile, Hotjar\u2019s storing of data about your usage of our site and Hotjar\u2019s use of tracking cookies on other websites by following this opt-out link.<\/p>\r\n<h3>Contact & communication<\/h3>\r\n<p>Users contacting this website and\/or its owners do so at their own discretion and provide any such personal details requested at their own risk. Your personal information is kept private and stored securely until a time it is no longer required or has no use, as detailed in the General Data Protection Regulation 2018. Every effort has been made to ensure a safe and secure form to email submission process but advise users using such form to email processes that they do so at their own risk.<\/p>\r\n<p>This website and its owners use any information submitted to provide you with further information about the products \/ services they offer or to assist you in answering any questions or queries you may have submitted. This includes using your details to subscribe you to any email newsletter program the website operates but only if this was made clear to you and your express permission was granted when submitting any form to email process. Or whereby you the consumer have previously purchased from or enquired about purchasing from the company a product or service that the email newsletter relates to. This is by no means an entire list of your user rights in regard to receiving email marketing material. Your details are not passed on to any third parties.<\/p>\r\n<h3>Email newsletter<\/h3>\r\n<p>This website operates an email newsletter program, used to inform subscribers about products and services supplied by this website. Users can subscribe through an online automated process should they wish to do so but do so at their own discretion. Some subscriptions may be manually processed through prior written agreement with the user.<\/p>\r\n<p>Subscriptions are taken in compliance with UK Spam Laws detailed in the General Data Protection Regulation 2018. All personal details relating to subscriptions are held securely and in accordance with the General Data Protection Regulation 2018. No personal details are passed on to third parties nor shared with companies \/ people outside of the company that operates this website. Under the General Data Protection Regulation 2018 you may request a copy of personal information held about you by this website\u2019s email newsletter program. If you would like a copy of the information held on you please write to the business address at the bottom of this policy.<\/p>\r\n<p>Email marketing campaigns published by this website or its owners may contain tracking facilities within the actual email. Subscriber activity is tracked and stored in a database for future analysis and evaluation. Such tracked activity may include; the opening of emails, forwarding of emails, the clicking of links within the email content, times, dates and frequency of activity [this is by no far a comprehensive list].<\/p>\r\n<p>This information is used to refine future email campaigns and supply the user with more relevant content based around their activity.<\/p>\r\n<p>In compliance with UK Spam Laws and the General Data Protection Regulation 2018 subscribers are given the opportunity to un-subscribe at any time through an automated system. This process is detailed at the footer of each email campaign. If an automated un-subscription system is unavailable clear instructions on how to un-subscribe will by detailed instead.<\/p>\r\n<h3>External links<\/h3>\r\n<p>Although this website only looks to include quality, safe and relevant external links, users are advised adopt a policy of caution before clicking any external web links mentioned throughout this website. (External links are clickable text \/ banner \/ image links to other websites)<\/p>\r\n<p>The owners of this website cannot guarantee or verify the contents of any externally linked website despite their best efforts. Users should therefore note they click on external links at their own risk and this website and its owners cannot be held liable for any damages or implications caused by visiting any external links mentioned.<\/p>\r\n<h3>Social media platforms<\/h3>\r\n<p>Communication, engagement and actions taken through external social media platforms that this website and its owners participate on are custom to the terms and conditions as well as the privacy policies held with each social media platform respectively.<\/p>\r\n<p>Users are advised to use social media platforms wisely and communicate \/ engage upon them with due care and caution in regard to their own privacy and personal details. This website nor its owners will ever ask for personal or sensitive information through social media platforms and encourage users wishing to discuss sensitive details to contact them through primary communication channels such as by telephone or email.<\/p>\r\n<p>This website may use social sharing buttons which help share web content directly from web pages to the social media platform in question. Users are advised before using such social sharing buttons that they do so at their own discretion and note that the social media platform may track and save your request to share a web page respectively through your social media platform account.<\/p>\r\n<h3>Shortened links in social media<\/h3>\r\n<p>This website and its owners through their social media platform accounts may share web links to relevant web pages. By default some social media platforms shorten lengthy urls [web addresses] (this is an example: http:\/\/bit.ly\/zyVUBo).<\/p>\r\n<p>Users are advised to take caution and good judgement before clicking any shortened urls published on social media platforms by this website and its owners. Despite the best efforts to ensure only genuine urls are published many social media platforms are prone to spam and hacking and therefore this website and its owners cannot be held liable for any damages or implications caused by visiting any shortened links.<\/p>\r\n<h3>Resources & further information<\/h3>\r\n<p>General Data Protection Regulation (GDPR) May 2018<br \/>Privacy and Electronic Communications Regulations 2003<\/p>[\/et_pb_text][\/et_pb_column][\/et_pb_row][\/et_pb_section]","_et_gb_content_width":"","footnotes":""},"class_list":["post-2125","page","type-page","status-publish","hentry"],"acf":[],"_links":{"self":[{"href":"https:\/\/www.skytrail.com\/it\/wp-json\/wp\/v2\/pages\/2125","targetHints":{"allow":["GET"]}}],"collection":[{"href":"https:\/\/www.skytrail.com\/it\/wp-json\/wp\/v2\/pages"}],"about":[{"href":"https:\/\/www.skytrail.com\/it\/wp-json\/wp\/v2\/types\/page"}],"author":[{"embeddable":true,"href":"https:\/\/www.skytrail.com\/it\/wp-json\/wp\/v2\/users\/1"}],"replies":[{"embeddable":true,"href":"https:\/\/www.skytrail.com\/it\/wp-json\/wp\/v2\/comments?post=2125"}],"version-history":[{"count":2,"href":"https:\/\/www.skytrail.com\/it\/wp-json\/wp\/v2\/pages\/2125\/revisions"}],"predecessor-version":[{"id":2128,"href":"https:\/\/www.skytrail.com\/it\/wp-json\/wp\/v2\/pages\/2125\/revisions\/2128"}],"wp:attachment":[{"href":"https:\/\/www.skytrail.com\/it\/wp-json\/wp\/v2\/media?parent=2125"}],"curies":[{"name":"wp","href":"https:\/\/api.w.org\/{rel}","templated":true}]}}